{"id":3960,"date":"2021-08-25T17:53:43","date_gmt":"2021-08-25T17:53:43","guid":{"rendered":"https:\/\/ossesserviciotecnico.cl\/?page_id=3960"},"modified":"2025-04-10T00:11:26","modified_gmt":"2025-04-10T00:11:26","slug":"inicio","status":"publish","type":"page","link":"https:\/\/ossesserviciotecnico.cl\/","title":{"rendered":"Inicio"},"content":{"rendered":"\t\t<div data-elementor-type=\"wp-page\" data-elementor-id=\"3960\" class=\"elementor elementor-3960\" data-elementor-post-type=\"page\">\n\t\t\t\t\t\t<section class=\"elementor-section elementor-top-section elementor-element elementor-element-044d4a6 elementor-section-height-min-height elementor-section-boxed elementor-section-height-default elementor-section-items-middle\" data-id=\"044d4a6\" data-element_type=\"section\" data-e-type=\"section\" data-settings=\"{&quot;background_background&quot;:&quot;slideshow&quot;,&quot;background_slideshow_gallery&quot;:[{&quot;id&quot;:5819,&quot;url&quot;:&quot;https:\\\/\\\/ossesserviciotecnico.cl\\\/wp-content\\\/uploads\\\/2023\\\/10\\\/1-1.jpg&quot;},{&quot;id&quot;:5820,&quot;url&quot;:&quot;https:\\\/\\\/ossesserviciotecnico.cl\\\/wp-content\\\/uploads\\\/2023\\\/10\\\/3.jpg&quot;},{&quot;id&quot;:5821,&quot;url&quot;:&quot;https:\\\/\\\/ossesserviciotecnico.cl\\\/wp-content\\\/uploads\\\/2023\\\/10\\\/4-1.jpg&quot;},{&quot;id&quot;:5822,&quot;url&quot;:&quot;https:\\\/\\\/ossesserviciotecnico.cl\\\/wp-content\\\/uploads\\\/2023\\\/10\\\/8.jpg&quot;},{&quot;id&quot;:5823,&quot;url&quot;:&quot;https:\\\/\\\/ossesserviciotecnico.cl\\\/wp-content\\\/uploads\\\/2023\\\/10\\\/11.jpg&quot;}],&quot;background_slideshow_slide_duration&quot;:3000,&quot;background_slideshow_transition_duration&quot;:5500,&quot;background_slideshow_lazyload&quot;:&quot;yes&quot;,&quot;background_slideshow_ken_burns&quot;:&quot;yes&quot;,&quot;background_slideshow_loop&quot;:&quot;yes&quot;,&quot;background_slideshow_slide_transition&quot;:&quot;fade&quot;,&quot;background_slideshow_ken_burns_zoom_direction&quot;:&quot;in&quot;}\">\n\t\t\t\t\t\t\t<div class=\"elementor-background-overlay\"><\/div>\n\t\t\t\t\t\t\t<div class=\"elementor-container elementor-column-gap-default\">\n\t\t\t\t\t<div class=\"elementor-column elementor-col-100 elementor-top-column elementor-element elementor-element-61ce60a\" data-id=\"61ce60a\" data-element_type=\"column\" data-e-type=\"column\">\n\t\t\t<div class=\"elementor-widget-wrap elementor-element-populated\">\n\t\t\t\t\t\t<div class=\"elementor-element elementor-element-727d703 elementor-widget elementor-widget-heading\" data-id=\"727d703\" data-element_type=\"widget\" data-e-type=\"widget\" data-widget_type=\"heading.default\">\n\t\t\t\t<div class=\"elementor-widget-container\">\n\t\t\t\t\t<h2 class=\"elementor-heading-title elementor-size-xxl\">Bienvenido a<\/h2>\t\t\t\t<\/div>\n\t\t\t\t<\/div>\n\t\t\t\t<div class=\"elementor-element elementor-element-100c634 elementor-widget elementor-widget-heading\" data-id=\"100c634\" data-element_type=\"widget\" data-e-type=\"widget\" data-widget_type=\"heading.default\">\n\t\t\t\t<div class=\"elementor-widget-container\">\n\t\t\t\t\t<h2 class=\"elementor-heading-title elementor-size-xxl\">OSSES Servicio T\u00e9cnico<\/h2>\t\t\t\t<\/div>\n\t\t\t\t<\/div>\n\t\t\t\t<div class=\"elementor-element elementor-element-08bf82b elementor-widget elementor-widget-heading\" data-id=\"08bf82b\" data-element_type=\"widget\" data-e-type=\"widget\" data-widget_type=\"heading.default\">\n\t\t\t\t<div class=\"elementor-widget-container\">\n\t\t\t\t\t<h2 class=\"elementor-heading-title elementor-size-xxl\">Reparaciones, mantenciones y venta de repuestos.<br><br>Para toda la Regi\u00f3n de Coquimbo<br><br>Lavadoras-secadoras-lavavajillas y refrigeraci\u00f3n.<\/h2>\t\t\t\t<\/div>\n\t\t\t\t<\/div>\n\t\t\t\t\t<\/div>\n\t\t<\/div>\n\t\t\t\t\t<\/div>\n\t\t<\/section>\n\t\t\t\t<section class=\"elementor-section elementor-top-section elementor-element elementor-element-d12633a elementor-section-boxed elementor-section-height-default elementor-section-height-default\" data-id=\"d12633a\" data-element_type=\"section\" data-e-type=\"section\" data-settings=\"{&quot;background_background&quot;:&quot;gradient&quot;}\">\n\t\t\t\t\t\t<div class=\"elementor-container elementor-column-gap-default\">\n\t\t\t\t\t<div class=\"elementor-column elementor-col-50 elementor-top-column elementor-element elementor-element-4c111cb\" data-id=\"4c111cb\" data-element_type=\"column\" data-e-type=\"column\">\n\t\t\t<div class=\"elementor-widget-wrap elementor-element-populated\">\n\t\t\t\t\t\t<div class=\"elementor-element elementor-element-fbbc3ef elementor-widget elementor-widget-image\" data-id=\"fbbc3ef\" data-element_type=\"widget\" data-e-type=\"widget\" data-widget_type=\"image.default\">\n\t\t\t\t<div class=\"elementor-widget-container\">\n\t\t\t\t\t\t\t\t\t\t\t\t\t\t\t<img fetchpriority=\"high\" decoding=\"async\" width=\"650\" height=\"411\" src=\"https:\/\/ossesserviciotecnico.cl\/wp-content\/uploads\/2023\/10\/a9bfb3d5-0843-49a2-8d25-214d48777729.jpg\" class=\"attachment-large size-large wp-image-5809\" alt=\"\" srcset=\"https:\/\/ossesserviciotecnico.cl\/wp-content\/uploads\/2023\/10\/a9bfb3d5-0843-49a2-8d25-214d48777729.jpg 650w, https:\/\/ossesserviciotecnico.cl\/wp-content\/uploads\/2023\/10\/a9bfb3d5-0843-49a2-8d25-214d48777729-300x190.jpg 300w\" sizes=\"(max-width: 650px) 100vw, 650px\" \/>\t\t\t\t\t\t\t\t\t\t\t\t\t\t\t<\/div>\n\t\t\t\t<\/div>\n\t\t\t\t\t<\/div>\n\t\t<\/div>\n\t\t\t\t<div class=\"elementor-column elementor-col-50 elementor-top-column elementor-element elementor-element-36553f1\" data-id=\"36553f1\" data-element_type=\"column\" data-e-type=\"column\">\n\t\t\t<div class=\"elementor-widget-wrap elementor-element-populated\">\n\t\t\t\t\t\t<div class=\"elementor-element elementor-element-8787b93 elementor-widget elementor-widget-heading\" data-id=\"8787b93\" data-element_type=\"widget\" data-e-type=\"widget\" data-widget_type=\"heading.default\">\n\t\t\t\t<div class=\"elementor-widget-container\">\n\t\t\t\t\t<h2 class=\"elementor-heading-title elementor-size-default\">Elige Osses Servicio T\u00e9cnico<\/h2>\t\t\t\t<\/div>\n\t\t\t\t<\/div>\n\t\t\t\t<div class=\"elementor-element elementor-element-22f56b4 elementor-widget elementor-widget-text-editor\" data-id=\"22f56b4\" data-element_type=\"widget\" data-e-type=\"widget\" data-widget_type=\"text-editor.default\">\n\t\t\t\t<div class=\"elementor-widget-container\">\n\t\t\t\t\t\t\t\t\t<p>\u00bfPor qu\u00e9 somos la opci\u00f3n ideal para tus necesidades de reparaci\u00f3n de electrodom\u00e9sticos en Coquimbo?<\/p><ul><li><p><strong>Experiencia y Profesionalismo:<\/strong> Contamos con a\u00f1os de experiencia en el campo de la reparaci\u00f3n de electrodom\u00e9sticos. Nuestros t\u00e9cnicos son profesionales altamente capacitados y certificados.<\/p><\/li><li><p><strong>Servicio Personalizado:<\/strong> Entendemos que cada cliente y cada electrodom\u00e9stico son \u00fanicos. Ofrecemos un servicio personalizado adaptado a tus necesidades espec\u00edficas.<\/p><\/li><li><p><strong>Transparencia y Honestidad:<\/strong> Nos enorgullecemos de nuestra transparencia en todas nuestras transacciones. Te proporcionamos presupuestos claros y sin sorpresas desagradables.<\/p><\/li><li><p><strong>Puntualidad y Confiabilidad:<\/strong> Valoramos tu tiempo tanto como t\u00fa. Cumplimos con nuestros compromisos y nos esforzamos por ser puntuales en cada visita<\/p><\/li><\/ul>\t\t\t\t\t\t\t\t<\/div>\n\t\t\t\t<\/div>\n\t\t\t\t\t<\/div>\n\t\t<\/div>\n\t\t\t\t\t<\/div>\n\t\t<\/section>\n\t\t\t\t<section class=\"elementor-section elementor-top-section elementor-element elementor-element-d6cdf6e elementor-section-height-min-height elementor-section-boxed elementor-section-height-default elementor-section-items-middle\" data-id=\"d6cdf6e\" data-element_type=\"section\" data-e-type=\"section\" data-settings=\"{&quot;background_background&quot;:&quot;classic&quot;}\">\n\t\t\t\t\t\t<div class=\"elementor-container elementor-column-gap-default\">\n\t\t\t\t\t<div class=\"elementor-column elementor-col-100 elementor-top-column elementor-element elementor-element-10be27c\" data-id=\"10be27c\" data-element_type=\"column\" data-e-type=\"column\">\n\t\t\t<div class=\"elementor-widget-wrap elementor-element-populated\">\n\t\t\t\t\t\t<div class=\"elementor-element elementor-element-66e2993 elementor-widget elementor-widget-image\" data-id=\"66e2993\" data-element_type=\"widget\" data-e-type=\"widget\" data-widget_type=\"image.default\">\n\t\t\t\t<div class=\"elementor-widget-container\">\n\t\t\t\t\t\t\t\t\t\t\t\t\t\t\t<img decoding=\"async\" width=\"241\" height=\"241\" src=\"https:\/\/ossesserviciotecnico.cl\/wp-content\/uploads\/2023\/10\/Garantia-6-meses.png\" class=\"attachment-large size-large wp-image-5841\" alt=\"\" srcset=\"https:\/\/ossesserviciotecnico.cl\/wp-content\/uploads\/2023\/10\/Garantia-6-meses.png 241w, https:\/\/ossesserviciotecnico.cl\/wp-content\/uploads\/2023\/10\/Garantia-6-meses-150x150.png 150w, https:\/\/ossesserviciotecnico.cl\/wp-content\/uploads\/2023\/10\/Garantia-6-meses-50x50.png 50w\" sizes=\"(max-width: 241px) 100vw, 241px\" \/>\t\t\t\t\t\t\t\t\t\t\t\t\t\t\t<\/div>\n\t\t\t\t<\/div>\n\t\t\t\t\t<\/div>\n\t\t<\/div>\n\t\t\t\t\t<\/div>\n\t\t<\/section>\n\t\t\t\t<section class=\"elementor-section elementor-top-section elementor-element elementor-element-508d13d elementor-section-boxed elementor-section-height-default elementor-section-height-default\" data-id=\"508d13d\" data-element_type=\"section\" data-e-type=\"section\">\n\t\t\t\t\t\t<div class=\"elementor-container elementor-column-gap-default\">\n\t\t\t\t\t<div class=\"elementor-column elementor-col-100 elementor-top-column elementor-element elementor-element-eb7e850\" data-id=\"eb7e850\" data-element_type=\"column\" data-e-type=\"column\">\n\t\t\t<div class=\"elementor-widget-wrap elementor-element-populated\">\n\t\t\t\t\t\t<div class=\"elementor-element elementor-element-58c8b4f elementor-widget elementor-widget-facebook-embed\" data-id=\"58c8b4f\" data-element_type=\"widget\" data-e-type=\"widget\" data-widget_type=\"facebook-embed.default\">\n\t\t\t\t<div class=\"elementor-widget-container\">\n\t\t\t\t\t<div style=\"min-height: 1px\" class=\"elementor-facebook-widget fb-post\" data-href=\"https:\/\/www.facebook.com\/share\/1A6jNzjPCm\/?mibextid=wwXIfr\" data-show-text=\"false\"><\/div>\t\t\t\t<\/div>\n\t\t\t\t<\/div>\n\t\t\t\t\t<\/div>\n\t\t<\/div>\n\t\t\t\t\t<\/div>\n\t\t<\/section>\n\t\t\t\t<section class=\"elementor-section elementor-top-section elementor-element elementor-element-9b47577 elementor-section-boxed elementor-section-height-default elementor-section-height-default\" data-id=\"9b47577\" data-element_type=\"section\" data-e-type=\"section\">\n\t\t\t\t\t\t<div class=\"elementor-container elementor-column-gap-default\">\n\t\t\t\t\t<div class=\"elementor-column elementor-col-100 elementor-top-column elementor-element elementor-element-493d785\" data-id=\"493d785\" data-element_type=\"column\" data-e-type=\"column\">\n\t\t\t<div class=\"elementor-widget-wrap elementor-element-populated\">\n\t\t\t\t\t\t<div class=\"elementor-element elementor-element-d6c4881 elementor-widget elementor-widget-google_maps\" data-id=\"d6c4881\" data-element_type=\"widget\" data-e-type=\"widget\" data-widget_type=\"google_maps.default\">\n\t\t\t\t<div class=\"elementor-widget-container\">\n\t\t\t\t\t\t\t<div class=\"elementor-custom-embed\">\n\t\t\t<iframe loading=\"lazy\"\n\t\t\t\t\tsrc=\"https:\/\/maps.google.com\/maps?q=Avenida%20Ra%C3%BAl%20Bitr%C3%A1n%203733%2C%20La%20Serena&#038;t=m&#038;z=10&#038;output=embed&#038;iwloc=near\"\n\t\t\t\t\ttitle=\"Avenida Ra\u00fal Bitr\u00e1n 3733, La Serena\"\n\t\t\t\t\taria-label=\"Avenida Ra\u00fal Bitr\u00e1n 3733, La Serena\"\n\t\t\t><\/iframe>\n\t\t<\/div>\n\t\t\t\t\t\t<\/div>\n\t\t\t\t<\/div>\n\t\t\t\t\t<\/div>\n\t\t<\/div>\n\t\t\t\t\t<\/div>\n\t\t<\/section>\n\t\t\t\t<section class=\"elementor-section elementor-top-section elementor-element elementor-element-bcd84a6 elementor-section-boxed elementor-section-height-default elementor-section-height-default\" data-id=\"bcd84a6\" data-element_type=\"section\" data-e-type=\"section\">\n\t\t\t\t\t\t<div class=\"elementor-container elementor-column-gap-default\">\n\t\t\t\t\t<div class=\"elementor-column elementor-col-100 elementor-top-column elementor-element elementor-element-3c6394a\" data-id=\"3c6394a\" data-element_type=\"column\" data-e-type=\"column\">\n\t\t\t<div class=\"elementor-widget-wrap elementor-element-populated\">\n\t\t\t\t\t\t<div class=\"elementor-element elementor-element-e8e1761 elementor-widget elementor-widget-image\" data-id=\"e8e1761\" data-element_type=\"widget\" data-e-type=\"widget\" data-widget_type=\"image.default\">\n\t\t\t\t<div class=\"elementor-widget-container\">\n\t\t\t\t\t\t\t\t\t\t\t\t\t\t\t<img decoding=\"async\" width=\"800\" height=\"220\" src=\"https:\/\/ossesserviciotecnico.cl\/wp-content\/uploads\/2025\/04\/WhatsApp-Image-2025-04-09-at-20.05.36-1024x281.jpeg\" class=\"attachment-large size-large wp-image-5938\" alt=\"Venta de repuestos\" srcset=\"https:\/\/ossesserviciotecnico.cl\/wp-content\/uploads\/2025\/04\/WhatsApp-Image-2025-04-09-at-20.05.36-1024x281.jpeg 1024w, https:\/\/ossesserviciotecnico.cl\/wp-content\/uploads\/2025\/04\/WhatsApp-Image-2025-04-09-at-20.05.36-300x82.jpeg 300w, https:\/\/ossesserviciotecnico.cl\/wp-content\/uploads\/2025\/04\/WhatsApp-Image-2025-04-09-at-20.05.36-768x211.jpeg 768w, https:\/\/ossesserviciotecnico.cl\/wp-content\/uploads\/2025\/04\/WhatsApp-Image-2025-04-09-at-20.05.36-1536x422.jpeg 1536w, https:\/\/ossesserviciotecnico.cl\/wp-content\/uploads\/2025\/04\/WhatsApp-Image-2025-04-09-at-20.05.36.jpeg 1599w\" sizes=\"(max-width: 800px) 100vw, 800px\" \/>\t\t\t\t\t\t\t\t\t\t\t\t\t\t\t<\/div>\n\t\t\t\t<\/div>\n\t\t\t\t\t<\/div>\n\t\t<\/div>\n\t\t\t\t\t<\/div>\n\t\t<\/section>\n\t\t\t\t<\/div>\n\t\t","protected":false},"excerpt":{"rendered":"<p>Bienvenido a OSSES Servicio T\u00e9cnico Reparaciones, mantenciones y venta de repuestos. Para toda la Regi\u00f3n de Coquimbo Lavadoras-secadoras-lavavajillas y refrigeraci\u00f3n. Elige Osses Servicio T\u00e9cnico \u00bfPor qu\u00e9 somos la opci\u00f3n ideal para tus necesidades de reparaci\u00f3n de electrodom\u00e9sticos en Coquimbo? Experiencia y Profesionalismo: Contamos con a\u00f1os de experiencia en el campo de la reparaci\u00f3n de electrodom\u00e9sticos. [&hellip;]<\/p>\n","protected":false},"author":4,"featured_media":0,"parent":0,"menu_order":0,"comment_status":"closed","ping_status":"closed","template":"","meta":{"footnotes":""},"class_list":["post-3960","page","type-page","status-publish","hentry"],"_links":{"self":[{"href":"https:\/\/ossesserviciotecnico.cl\/index.php?rest_route=\/wp\/v2\/pages\/3960","targetHints":{"allow":["GET"]}}],"collection":[{"href":"https:\/\/ossesserviciotecnico.cl\/index.php?rest_route=\/wp\/v2\/pages"}],"about":[{"href":"https:\/\/ossesserviciotecnico.cl\/index.php?rest_route=\/wp\/v2\/types\/page"}],"author":[{"embeddable":true,"href":"https:\/\/ossesserviciotecnico.cl\/index.php?rest_route=\/wp\/v2\/users\/4"}],"replies":[{"embeddable":true,"href":"https:\/\/ossesserviciotecnico.cl\/index.php?rest_route=%2Fwp%2Fv2%2Fcomments&post=3960"}],"version-history":[{"count":719,"href":"https:\/\/ossesserviciotecnico.cl\/index.php?rest_route=\/wp\/v2\/pages\/3960\/revisions"}],"predecessor-version":[{"id":5945,"href":"https:\/\/ossesserviciotecnico.cl\/index.php?rest_route=\/wp\/v2\/pages\/3960\/revisions\/5945"}],"wp:attachment":[{"href":"https:\/\/ossesserviciotecnico.cl\/index.php?rest_route=%2Fwp%2Fv2%2Fmedia&parent=3960"}],"curies":[{"name":"wp","href":"https:\/\/api.w.org\/{rel}","templated":true}]}}