{"id":5630,"date":"2022-03-08T17:33:10","date_gmt":"2022-03-08T17:33:10","guid":{"rendered":"https:\/\/ossesserviciotecnico.cl\/?page_id=5630"},"modified":"2023-12-18T21:11:38","modified_gmt":"2023-12-18T21:11:38","slug":"nuestros-productos","status":"publish","type":"page","link":"https:\/\/ossesserviciotecnico.cl\/?page_id=5630","title":{"rendered":"Servicios"},"content":{"rendered":"\t\t<div data-elementor-type=\"wp-page\" data-elementor-id=\"5630\" class=\"elementor elementor-5630\" data-elementor-post-type=\"page\">\n\t\t\t\t\t\t<section class=\"elementor-section elementor-top-section elementor-element elementor-element-5df1f5b9 elementor-section-boxed elementor-section-height-default elementor-section-height-default\" data-id=\"5df1f5b9\" data-element_type=\"section\" data-e-type=\"section\">\n\t\t\t\t\t\t<div class=\"elementor-container elementor-column-gap-wider\">\n\t\t\t\t\t<div class=\"elementor-column elementor-col-50 elementor-top-column elementor-element elementor-element-50cbcfbb\" data-id=\"50cbcfbb\" data-element_type=\"column\" data-e-type=\"column\">\n\t\t\t<div class=\"elementor-widget-wrap elementor-element-populated\">\n\t\t\t\t\t\t<div class=\"elementor-element elementor-element-1921586 elementor-widget elementor-widget-text-editor\" data-id=\"1921586\" data-element_type=\"widget\" data-e-type=\"widget\" data-widget_type=\"text-editor.default\">\n\t\t\t\t<div class=\"elementor-widget-container\">\n\t\t\t\t\t\t\t\t\t<p><strong>Reparaci\u00f3n de Lavadoras:<\/strong><\/p><p>Osses Servicio T\u00e9cnico ofrece un servicio confiable y eficiente de reparaci\u00f3n de lavadoras. Nuestros t\u00e9cnicos expertos diagnosticar\u00e1n y solucionar\u00e1n cualquier problema que tenga su lavadora, garantizando un funcionamiento \u00f3ptimo y duradero. Nos destacamos por nuestra rapidez y calidad en cada reparaci\u00f3n.<\/p><p><strong>Reparaci\u00f3n de Secadoras:<\/strong><\/p><p>En Osses Servicio T\u00e9cnico, comprendemos lo importante que es tener una secadora funcionando correctamente, especialmente en climas h\u00famedos. Nuestros t\u00e9cnicos especializados en secadoras tienen experiencia en la reparaci\u00f3n de una amplia variedad de marcas y modelos. Ofrecemos un servicio r\u00e1pido y profesional para asegurar que su secadora est\u00e9 en perfectas condiciones en el menor tiempo posible.<\/p><p><strong>Reparaci\u00f3n de Lavavajillas:<\/strong><\/p><p>Los lavavajillas son electrodom\u00e9sticos esenciales en cualquier hogar ocupado. En Osses Servicio T\u00e9cnico, nos especializamos en la reparaci\u00f3n de lavavajillas de todas las marcas. Nuestros t\u00e9cnicos altamente capacitados pueden diagnosticar y reparar problemas comunes, como problemas de drenaje o fallos en las bombas, para asegurar que su lavavajillas vuelva a funcionar de manera eficiente y sin problemas.<\/p>\t\t\t\t\t\t\t\t<\/div>\n\t\t\t\t<\/div>\n\t\t\t\t\t<\/div>\n\t\t<\/div>\n\t\t\t\t<div class=\"elementor-column elementor-col-50 elementor-top-column elementor-element elementor-element-3eac460\" data-id=\"3eac460\" data-element_type=\"column\" data-e-type=\"column\">\n\t\t\t<div class=\"elementor-widget-wrap elementor-element-populated\">\n\t\t\t\t\t\t<div class=\"elementor-element elementor-element-93ecf4b elementor-widget elementor-widget-gallery\" data-id=\"93ecf4b\" data-element_type=\"widget\" data-e-type=\"widget\" data-settings=\"{&quot;columns&quot;:1,&quot;lazyload&quot;:&quot;yes&quot;,&quot;gallery_layout&quot;:&quot;grid&quot;,&quot;columns_tablet&quot;:2,&quot;columns_mobile&quot;:1,&quot;gap&quot;:{&quot;unit&quot;:&quot;px&quot;,&quot;size&quot;:10,&quot;sizes&quot;:[]},&quot;gap_tablet&quot;:{&quot;unit&quot;:&quot;px&quot;,&quot;size&quot;:10,&quot;sizes&quot;:[]},&quot;gap_mobile&quot;:{&quot;unit&quot;:&quot;px&quot;,&quot;size&quot;:10,&quot;sizes&quot;:[]},&quot;link_to&quot;:&quot;file&quot;,&quot;aspect_ratio&quot;:&quot;3:2&quot;,&quot;overlay_background&quot;:&quot;yes&quot;,&quot;content_hover_animation&quot;:&quot;fade-in&quot;}\" data-widget_type=\"gallery.default\">\n\t\t\t\t<div class=\"elementor-widget-container\">\n\t\t\t\t\t\t\t<div class=\"elementor-gallery__container\">\n\t\t\t\t\t\t\t<a class=\"e-gallery-item elementor-gallery-item elementor-animated-content\" href=\"https:\/\/ossesserviciotecnico.cl\/wp-content\/uploads\/2023\/10\/7.jpg\" data-elementor-open-lightbox=\"yes\" data-elementor-lightbox-slideshow=\"93ecf4b\" data-elementor-lightbox-title=\"7\" data-e-action-hash=\"#elementor-action%3Aaction%3Dlightbox%26settings%3DeyJpZCI6NTc3MiwidXJsIjoiaHR0cHM6XC9cL29zc2Vzc2VydmljaW90ZWNuaWNvLmNsXC93cC1jb250ZW50XC91cGxvYWRzXC8yMDIzXC8xMFwvNy5qcGciLCJzbGlkZXNob3ciOiI5M2VjZjRiIn0%3D\">\n\t\t\t\t\t<div class=\"e-gallery-image elementor-gallery-item__image\" data-thumbnail=\"https:\/\/ossesserviciotecnico.cl\/wp-content\/uploads\/2023\/10\/7-768x432.jpg\" data-width=\"768\" data-height=\"432\" aria-label=\"\" role=\"img\" ><\/div>\n\t\t\t\t\t\t\t\t\t\t\t<div class=\"elementor-gallery-item__overlay\"><\/div>\n\t\t\t\t\t\t\t\t\t\t\t\t\t\t<\/a>\n\t\t\t\t\t\t\t<a class=\"e-gallery-item elementor-gallery-item elementor-animated-content\" href=\"https:\/\/ossesserviciotecnico.cl\/wp-content\/uploads\/2023\/10\/10.jpg\" data-elementor-open-lightbox=\"yes\" data-elementor-lightbox-slideshow=\"93ecf4b\" data-elementor-lightbox-title=\"10\" data-e-action-hash=\"#elementor-action%3Aaction%3Dlightbox%26settings%3DeyJpZCI6NTc3NCwidXJsIjoiaHR0cHM6XC9cL29zc2Vzc2VydmljaW90ZWNuaWNvLmNsXC93cC1jb250ZW50XC91cGxvYWRzXC8yMDIzXC8xMFwvMTAuanBnIiwic2xpZGVzaG93IjoiOTNlY2Y0YiJ9\">\n\t\t\t\t\t<div class=\"e-gallery-image elementor-gallery-item__image\" data-thumbnail=\"https:\/\/ossesserviciotecnico.cl\/wp-content\/uploads\/2023\/10\/10-768x432.jpg\" data-width=\"768\" data-height=\"432\" aria-label=\"\" role=\"img\" ><\/div>\n\t\t\t\t\t\t\t\t\t\t\t<div class=\"elementor-gallery-item__overlay\"><\/div>\n\t\t\t\t\t\t\t\t\t\t\t\t\t\t<\/a>\n\t\t\t\t\t\t\t<a class=\"e-gallery-item elementor-gallery-item elementor-animated-content\" href=\"https:\/\/ossesserviciotecnico.cl\/wp-content\/uploads\/2023\/10\/18.jpg\" data-elementor-open-lightbox=\"yes\" data-elementor-lightbox-slideshow=\"93ecf4b\" data-elementor-lightbox-title=\"18\" data-e-action-hash=\"#elementor-action%3Aaction%3Dlightbox%26settings%3DeyJpZCI6NTc3OCwidXJsIjoiaHR0cHM6XC9cL29zc2Vzc2VydmljaW90ZWNuaWNvLmNsXC93cC1jb250ZW50XC91cGxvYWRzXC8yMDIzXC8xMFwvMTguanBnIiwic2xpZGVzaG93IjoiOTNlY2Y0YiJ9\">\n\t\t\t\t\t<div class=\"e-gallery-image elementor-gallery-item__image\" data-thumbnail=\"https:\/\/ossesserviciotecnico.cl\/wp-content\/uploads\/2023\/10\/18-768x432.jpg\" data-width=\"768\" data-height=\"432\" aria-label=\"\" role=\"img\" ><\/div>\n\t\t\t\t\t\t\t\t\t\t\t<div class=\"elementor-gallery-item__overlay\"><\/div>\n\t\t\t\t\t\t\t\t\t\t\t\t\t\t<\/a>\n\t\t\t\t\t<\/div>\n\t\t\t\t\t<\/div>\n\t\t\t\t<\/div>\n\t\t\t\t\t<\/div>\n\t\t<\/div>\n\t\t\t\t\t<\/div>\n\t\t<\/section>\n\t\t\t\t<\/div>\n\t\t","protected":false},"excerpt":{"rendered":"<p>Reparaci\u00f3n de Lavadoras: Osses Servicio T\u00e9cnico ofrece un servicio confiable y eficiente de reparaci\u00f3n de lavadoras. Nuestros t\u00e9cnicos expertos diagnosticar\u00e1n y solucionar\u00e1n cualquier problema que tenga su lavadora, garantizando un funcionamiento \u00f3ptimo y duradero. Nos destacamos por nuestra rapidez y calidad en cada reparaci\u00f3n. Reparaci\u00f3n de Secadoras: En Osses Servicio T\u00e9cnico, comprendemos lo importante que [&hellip;]<\/p>\n","protected":false},"author":4,"featured_media":5729,"parent":0,"menu_order":0,"comment_status":"closed","ping_status":"closed","template":"","meta":{"footnotes":""},"class_list":["post-5630","page","type-page","status-publish","has-post-thumbnail","hentry"],"_links":{"self":[{"href":"https:\/\/ossesserviciotecnico.cl\/index.php?rest_route=\/wp\/v2\/pages\/5630","targetHints":{"allow":["GET"]}}],"collection":[{"href":"https:\/\/ossesserviciotecnico.cl\/index.php?rest_route=\/wp\/v2\/pages"}],"about":[{"href":"https:\/\/ossesserviciotecnico.cl\/index.php?rest_route=\/wp\/v2\/types\/page"}],"author":[{"embeddable":true,"href":"https:\/\/ossesserviciotecnico.cl\/index.php?rest_route=\/wp\/v2\/users\/4"}],"replies":[{"embeddable":true,"href":"https:\/\/ossesserviciotecnico.cl\/index.php?rest_route=%2Fwp%2Fv2%2Fcomments&post=5630"}],"version-history":[{"count":48,"href":"https:\/\/ossesserviciotecnico.cl\/index.php?rest_route=\/wp\/v2\/pages\/5630\/revisions"}],"predecessor-version":[{"id":5865,"href":"https:\/\/ossesserviciotecnico.cl\/index.php?rest_route=\/wp\/v2\/pages\/5630\/revisions\/5865"}],"wp:featuredmedia":[{"embeddable":true,"href":"https:\/\/ossesserviciotecnico.cl\/index.php?rest_route=\/wp\/v2\/media\/5729"}],"wp:attachment":[{"href":"https:\/\/ossesserviciotecnico.cl\/index.php?rest_route=%2Fwp%2Fv2%2Fmedia&parent=5630"}],"curies":[{"name":"wp","href":"https:\/\/api.w.org\/{rel}","templated":true}]}}